{"id":1046,"date":"2023-09-04T00:02:16","date_gmt":"2023-09-04T00:02:16","guid":{"rendered":"https:\/\/sumteq.de\/?page_id=1046"},"modified":"2023-11-03T09:42:59","modified_gmt":"2023-11-03T08:42:59","slug":"legal-notice","status":"publish","type":"page","link":"https:\/\/sumteq.de\/en\/legal-notice\/","title":{"rendered":"Legal notice"},"content":{"rendered":"<div class=\"elementor-element elementor-element-97a6ccd elementor-widget elementor-widget-heading\" data-id=\"97a6ccd\" data-element_type=\"widget\" data-widget_type=\"heading.default\">\n<div class=\"elementor-widget-container\">\n<h5 class=\"elementor-heading-title elementor-size-default\">Information corresponding to \u00a7 5 TMG:<\/h5>\n<\/div>\n<\/div>\n<div class=\"elementor-element elementor-element-74620ba elementor-widget elementor-widget-text-editor\" data-id=\"74620ba\" data-element_type=\"widget\" data-widget_type=\"text-editor.default\">\n<div class=\"elementor-widget-container\">\n<div class=\"elementor-text-editor elementor-clearfix\">\n<p>SUMTEQ GmbH<br \/>\nIsolastr. 2<br \/>\n52353 D\u00fcren<\/p>\n<p>Registered Office: D\u00fcren<br \/>\nCommercial Register: HRB 82828<br \/>\nVAT-ID Number: DE 298717802<\/p>\n<\/div>\n<\/div>\n<\/div>\n<div class=\"elementor-element elementor-element-29bde18 elementor-widget elementor-widget-heading\" data-id=\"29bde18\" data-element_type=\"widget\" data-widget_type=\"heading.default\">\n<div class=\"elementor-widget-container\">\n<h5 class=\"elementor-heading-title elementor-size-default\">Management Board:<\/h5>\n<\/div>\n<\/div>\n<div class=\"elementor-element elementor-element-3857502 elementor-widget elementor-widget-text-editor\" data-id=\"3857502\" data-element_type=\"widget\" data-widget_type=\"text-editor.default\">\n<div class=\"elementor-widget-container\">\n<div class=\"elementor-text-editor elementor-clearfix\">\n<p>Dr. Alexander M\u00fcller, Dr. Roland Oberhoffer, Michael Hoffmann<\/p>\n<p>Isolastr. 2<br \/>\n52353 D\u00fcren<\/p>\n<\/div>\n<\/div>\n<\/div>\n<div class=\"elementor-element elementor-element-5143f92 elementor-widget elementor-widget-heading\" data-id=\"5143f92\" data-element_type=\"widget\" data-widget_type=\"heading.default\">\n<div class=\"elementor-widget-container\">\n<h5 class=\"elementor-heading-title elementor-size-default\">Contact<\/h5>\n<\/div>\n<\/div>\n<div class=\"elementor-element elementor-element-eeabe94 elementor-widget elementor-widget-text-editor\" data-id=\"eeabe94\" data-element_type=\"widget\" data-widget_type=\"text-editor.default\">\n<div class=\"elementor-widget-container\">\n<div class=\"elementor-text-editor elementor-clearfix\">\n<p>Telephone:\u00a0 \u00a0+49 2421 99012 0<br \/>\nE-mail: \u00a0 \u00a0\u00a0info@sumteq.com<\/p>\n<\/div>\n<\/div>\n<\/div>\n<div class=\"elementor-element elementor-element-34863d5 elementor-widget elementor-widget-heading\" data-id=\"34863d5\" data-element_type=\"widget\" data-widget_type=\"heading.default\">\n<div class=\"elementor-widget-container\">\n<h5 class=\"elementor-heading-title elementor-size-default\">Responsible for the content corresponding to \u00a7 55 Abs. 2 RStV<\/h5>\n<\/div>\n<\/div>\n<div class=\"elementor-element elementor-element-896bff2 elementor-widget elementor-widget-text-editor\" data-id=\"896bff2\" data-element_type=\"widget\" data-widget_type=\"text-editor.default\">\n<div class=\"elementor-widget-container\">\n<div class=\"elementor-text-editor elementor-clearfix\">\n<p>Dr. Alexander M\u00fcller, Dr. Roland Oberhoffer, Michael Hoffmann<\/p>\n<\/div>\n<\/div>\n<\/div>\n<div class=\"elementor-element elementor-element-4c806e8 elementor-widget elementor-widget-heading\" data-id=\"4c806e8\" data-element_type=\"widget\" data-widget_type=\"heading.default\">\n<div class=\"elementor-widget-container\">\n<h5 class=\"elementor-heading-title elementor-size-default\">Disclaimer<\/h5>\n<\/div>\n<\/div>\n<div class=\"elementor-element elementor-element-fba5dbd elementor-widget elementor-widget-heading\" data-id=\"fba5dbd\" data-element_type=\"widget\" data-widget_type=\"heading.default\">\n<div class=\"elementor-widget-container\">\n<h6 class=\"elementor-heading-title elementor-size-default\">Liability for Contents<\/h6>\n<\/div>\n<\/div>\n<div class=\"elementor-element elementor-element-b48f28a elementor-widget elementor-widget-text-editor\" data-id=\"b48f28a\" data-element_type=\"widget\" data-widget_type=\"text-editor.default\">\n<div class=\"elementor-widget-container\">\n<div class=\"elementor-text-editor elementor-clearfix\">\n<p>The contents of our pages have been created with great care. For the accuracy, completeness and timeliness of content, we do not take any responsibility. As a service provider we are responsible according to \u00a7 7 1 TMG for own contents on these pages under the general laws. According to \u00a7\u00a7 8 to 10 TMG we are not obligated as a service provider to monitor transmitted or stored information, or to investigate circumstances that indicate illegal activities. Obligations to remove or block the use of information under the general laws remain unaffected. However, a relevant liability is only possible from the date of knowledge of a specific infringement. Upon notification of such violations, we will remove the content immediately.<\/p>\n<\/div>\n<\/div>\n<\/div>\n<div class=\"elementor-element elementor-element-1deea6c elementor-widget elementor-widget-heading\" data-id=\"1deea6c\" data-element_type=\"widget\" data-widget_type=\"heading.default\">\n<div class=\"elementor-widget-container\">\n<h6 class=\"elementor-heading-title elementor-size-default\">Liability for Links<\/h6>\n<\/div>\n<\/div>\n<div class=\"elementor-element elementor-element-58311ea elementor-widget elementor-widget-text-editor\" data-id=\"58311ea\" data-element_type=\"widget\" data-widget_type=\"text-editor.default\">\n<div class=\"elementor-widget-container\">\n<div class=\"elementor-text-editor elementor-clearfix\">\n<p>Our site contains links to external websites, which are not controlled by us. Therefore we cannot accept any responsibility for their content. The provider or operator is always responsible for the content of linked sites. The linked sites were checked at the time of linking for possible legal violations. Illegal contents were at the time of linking not detectable. A permanent control of the linked sites is unreasonable without concrete evidence of a violation. Upon notification of violations, we will immediately remove such links.<\/p>\n<\/div>\n<\/div>\n<\/div>\n<div class=\"elementor-element elementor-element-6ed3b75 elementor-widget elementor-widget-heading\" data-id=\"6ed3b75\" data-element_type=\"widget\" data-widget_type=\"heading.default\">\n<div class=\"elementor-widget-container\">\n<h5 class=\"elementor-heading-title elementor-size-default\">Copyright<\/h5>\n<\/div>\n<\/div>\n<div class=\"elementor-element elementor-element-6f3ed94 elementor-widget elementor-widget-text-editor\" data-id=\"6f3ed94\" data-element_type=\"widget\" data-widget_type=\"text-editor.default\">\n<div class=\"elementor-widget-container\">\n<div class=\"elementor-text-editor elementor-clearfix\">\n<p>The content and works on these pages created by the site operators are subject to German copyright law. Copying, editing, distribution and any kind of exploitation outside the limits of copyright require the written approval of the author or creator. Downloads and copies are permitted only for private, non-commercial use. Insofar as the content is not created by the operator, the copyright of third parties has to be considered. In particular contents of third parties are marked as such. Should you still be aware of copyright infringement, we kindly ask for informing us. Upon notification of violations, we will remove the content immediately.<\/p>\n<\/div>\n<\/div>\n<\/div>","protected":false},"excerpt":{"rendered":"<p>Angaben gem\u00e4\u00df \u00a7 5 TMG SUMTEQ GmbH Isolastr. 2 52353 D\u00fcren Sitz der Gesellschaft: D\u00fcren Handelsregister: HRB 82828 Umsatzsteueridentifikations-Nr.: DE 298717802 Gesch\u00e4ftsf\u00fchrung Dr. Alexander M\u00fcller, Dr. Roland Oberhoffer, Michael Hoffmann Isolastr. 2 52353 D\u00fcren Kontakt Telefon:\u00a0 \u00a0+49 2421 99012 0 E-Mail: \u00a0 \u00a0\u00a0info@sumteq.com Verantwortlich f\u00fcr den Inhalt nach \u00a7 55 Abs. 2 RStV Dr. Alexander [&hellip;]<\/p>","protected":false},"author":1,"featured_media":2163,"parent":0,"menu_order":0,"comment_status":"closed","ping_status":"closed","template":"","meta":{"site-sidebar-layout":"default","site-content-layout":"","ast-site-content-layout":"full-width-container","site-content-style":"default","site-sidebar-style":"default","ast-global-header-display":"","ast-banner-title-visibility":"","ast-main-header-display":"","ast-hfb-above-header-display":"","ast-hfb-below-header-display":"","ast-hfb-mobile-header-display":"","site-post-title":"","ast-breadcrumbs-content":"","ast-featured-img":"","footer-sml-layout":"","theme-transparent-header-meta":"default","adv-header-id-meta":"","stick-header-meta":"","header-above-stick-meta":"","header-main-stick-meta":"","header-below-stick-meta":"","astra-migrate-meta-layouts":"set","ast-page-background-enabled":"default","ast-page-background-meta":{"desktop":{"background-color":"var(--ast-global-color-4)","background-image":"","background-repeat":"repeat","background-position":"center center","background-size":"auto","background-attachment":"scroll","background-type":"","background-media":"","overlay-type":"","overlay-color":"","overlay-opacity":"","overlay-gradient":""},"tablet":{"background-color":"","background-image":"","background-repeat":"repeat","background-position":"center center","background-size":"auto","background-attachment":"scroll","background-type":"","background-media":"","overlay-type":"","overlay-color":"","overlay-opacity":"","overlay-gradient":""},"mobile":{"background-color":"","background-image":"","background-repeat":"repeat","background-position":"center center","background-size":"auto","background-attachment":"scroll","background-type":"","background-media":"","overlay-type":"","overlay-color":"","overlay-opacity":"","overlay-gradient":""}},"ast-content-background-meta":{"desktop":{"background-color":"var(--ast-global-color-5)","background-image":"","background-repeat":"repeat","background-position":"center center","background-size":"auto","background-attachment":"scroll","background-type":"","background-media":"","overlay-type":"","overlay-color":"","overlay-opacity":"","overlay-gradient":""},"tablet":{"background-color":"var(--ast-global-color-5)","background-image":"","background-repeat":"repeat","background-position":"center center","background-size":"auto","background-attachment":"scroll","background-type":"","background-media":"","overlay-type":"","overlay-color":"","overlay-opacity":"","overlay-gradient":""},"mobile":{"background-color":"var(--ast-global-color-5)","background-image":"","background-repeat":"repeat","background-position":"center center","background-size":"auto","background-attachment":"scroll","background-type":"","background-media":"","overlay-type":"","overlay-color":"","overlay-opacity":"","overlay-gradient":""}},"footnotes":""},"class_list":["post-1046","page","type-page","status-publish","has-post-thumbnail","hentry"],"_links":{"self":[{"href":"https:\/\/sumteq.de\/en\/wp-json\/wp\/v2\/pages\/1046","targetHints":{"allow":["GET"]}}],"collection":[{"href":"https:\/\/sumteq.de\/en\/wp-json\/wp\/v2\/pages"}],"about":[{"href":"https:\/\/sumteq.de\/en\/wp-json\/wp\/v2\/types\/page"}],"author":[{"embeddable":true,"href":"https:\/\/sumteq.de\/en\/wp-json\/wp\/v2\/users\/1"}],"replies":[{"embeddable":true,"href":"https:\/\/sumteq.de\/en\/wp-json\/wp\/v2\/comments?post=1046"}],"version-history":[{"count":0,"href":"https:\/\/sumteq.de\/en\/wp-json\/wp\/v2\/pages\/1046\/revisions"}],"wp:featuredmedia":[{"embeddable":true,"href":"https:\/\/sumteq.de\/en\/wp-json\/wp\/v2\/media\/2163"}],"wp:attachment":[{"href":"https:\/\/sumteq.de\/en\/wp-json\/wp\/v2\/media?parent=1046"}],"curies":[{"name":"wp","href":"https:\/\/api.w.org\/{rel}","templated":true}]}}